{"id":56,"date":"2026-03-03T15:28:39","date_gmt":"2026-03-03T15:28:39","guid":{"rendered":"https:\/\/granjateresaines.com\/?page_id=56"},"modified":"2026-03-03T19:07:30","modified_gmt":"2026-03-03T19:07:30","slug":"nosotros","status":"publish","type":"page","link":"https:\/\/granjateresaines.com\/index.php\/nosotros\/","title":{"rendered":"Nosotros"},"content":{"rendered":"\t\t<div data-elementor-type=\"wp-page\" data-elementor-id=\"56\" class=\"elementor elementor-56\" data-elementor-post-type=\"page\">\n\t\t\t\t<div class=\"elementor-element elementor-element-9fc0a19 e-con-full e-flex e-con e-parent\" data-id=\"9fc0a19\" data-element_type=\"container\" data-e-type=\"container\">\n\t\t<div class=\"elementor-element elementor-element-a199619 e-con-full e-flex e-con e-child\" data-id=\"a199619\" data-element_type=\"container\" data-e-type=\"container\">\n\t\t\t\t<div class=\"elementor-element elementor-element-cebc8d9 elementor-widget elementor-widget-image\" data-id=\"cebc8d9\" data-element_type=\"widget\" data-e-type=\"widget\" data-widget_type=\"image.default\">\n\t\t\t\t\t\t\t\t\t\t\t\t\t\t\t<img fetchpriority=\"high\" decoding=\"async\" width=\"2560\" height=\"1706\" src=\"https:\/\/granjateresaines.com\/wp-content\/uploads\/2026\/03\/025e340d372a76f222a77cf82b47584690fb182d-1-scaled.jpg\" class=\"attachment-full size-full wp-image-61\" alt=\"025e340d372a76f222a77cf82b47584690fb182d (1)\" srcset=\"https:\/\/granjateresaines.com\/wp-content\/uploads\/2026\/03\/025e340d372a76f222a77cf82b47584690fb182d-1-scaled.jpg 2560w, https:\/\/granjateresaines.com\/wp-content\/uploads\/2026\/03\/025e340d372a76f222a77cf82b47584690fb182d-1-300x200.jpg 300w, https:\/\/granjateresaines.com\/wp-content\/uploads\/2026\/03\/025e340d372a76f222a77cf82b47584690fb182d-1-1024x683.jpg 1024w, https:\/\/granjateresaines.com\/wp-content\/uploads\/2026\/03\/025e340d372a76f222a77cf82b47584690fb182d-1-768x512.jpg 768w, https:\/\/granjateresaines.com\/wp-content\/uploads\/2026\/03\/025e340d372a76f222a77cf82b47584690fb182d-1-1536x1024.jpg 1536w, https:\/\/granjateresaines.com\/wp-content\/uploads\/2026\/03\/025e340d372a76f222a77cf82b47584690fb182d-1-2048x1365.jpg 2048w, https:\/\/granjateresaines.com\/wp-content\/uploads\/2026\/03\/025e340d372a76f222a77cf82b47584690fb182d-1-600x400.jpg 600w\" sizes=\"(max-width: 2560px) 100vw, 2560px\" \/>\t\t\t\t\t\t\t\t\t\t\t\t\t\t\t<\/div>\n\t\t\t\t<\/div>\n\t\t<div class=\"elementor-element elementor-element-1190b7f e-con-full e-flex e-con e-child\" data-id=\"1190b7f\" data-element_type=\"container\" data-e-type=\"container\">\n\t\t\t\t<div class=\"elementor-element elementor-element-fc03b59 elementor-widget__width-initial elementor-widget-tablet__width-initial elementor-widget elementor-widget-heading\" data-id=\"fc03b59\" data-element_type=\"widget\" data-e-type=\"widget\" data-widget_type=\"heading.default\">\n\t\t\t\t\t<h1 class=\"elementor-heading-title elementor-size-default\">Tradici\u00f3n y calidad en cada producto<\/h1>\t\t\t\t<\/div>\n\t\t\t\t<\/div>\n\t\t\t\t<\/div>\n\t\t<div class=\"elementor-element elementor-element-22adb66 e-con-full e-flex e-con e-parent\" data-id=\"22adb66\" data-element_type=\"container\" data-e-type=\"container\" data-settings=\"{&quot;background_background&quot;:&quot;classic&quot;}\">\n\t\t\t\t<div class=\"elementor-element elementor-element-d5fddc5 elementor-widget elementor-widget-text-editor\" data-id=\"d5fddc5\" data-element_type=\"widget\" data-e-type=\"widget\" data-widget_type=\"text-editor.default\">\n\t\t\t\t\t\t\t\t\t<p>En el coraz\u00f3n de la Sierra de Alcaraz, combinamos tradici\u00f3n y excelencia para elaborar productos l\u00e1cteos de la m\u00e1s alta calidad. Nuestra granja se basa en el respeto por los procesos naturales, garantizando un control total sobre cada etapa de producci\u00f3n.<\/p>\t\t\t\t\t\t\t\t<\/div>\n\t\t\t\t<\/div>\n\t\t<div class=\"elementor-element elementor-element-8caa87e e-con-full e-flex e-con e-parent\" data-id=\"8caa87e\" data-element_type=\"container\" data-e-type=\"container\">\n\t\t<div class=\"elementor-element elementor-element-1c69561 e-con-full e-flex e-con e-child\" data-id=\"1c69561\" data-element_type=\"container\" data-e-type=\"container\">\n\t\t\t\t<div class=\"elementor-element elementor-element-d97a566 elementor-widget elementor-widget-image\" data-id=\"d97a566\" data-element_type=\"widget\" data-e-type=\"widget\" data-widget_type=\"image.default\">\n\t\t\t\t\t\t\t\t\t\t\t\t\t\t\t<img decoding=\"async\" width=\"300\" height=\"280\" src=\"https:\/\/granjateresaines.com\/wp-content\/uploads\/2026\/03\/fb39c496301dbc4d3423a839c7e7a59f4e7ac6f1.png\" class=\"attachment-full size-full wp-image-62\" alt=\"fb39c496301dbc4d3423a839c7e7a59f4e7ac6f1\" \/>\t\t\t\t\t\t\t\t\t\t\t\t\t\t\t<\/div>\n\t\t\t\t<\/div>\n\t\t<div class=\"elementor-element elementor-element-7e08ca8 e-con-full e-flex e-con e-child\" data-id=\"7e08ca8\" data-element_type=\"container\" data-e-type=\"container\">\n\t\t\t\t<div class=\"elementor-element elementor-element-12011b1 elementor-widget__width-initial elementor-widget-tablet__width-initial elementor-widget elementor-widget-heading\" data-id=\"12011b1\" data-element_type=\"widget\" data-e-type=\"widget\" data-widget_type=\"heading.default\">\n\t\t\t\t\t<h2 class=\"elementor-heading-title elementor-size-default\">Nuestra granja, calidad desde el origen<\/h2>\t\t\t\t<\/div>\n\t\t\t\t<div class=\"elementor-element elementor-element-4592cea elementor-widget elementor-widget-text-editor\" data-id=\"4592cea\" data-element_type=\"widget\" data-e-type=\"widget\" data-widget_type=\"text-editor.default\">\n\t\t\t\t\t\t\t\t\t<p>Somos una f\u00e1brica artesanal de productos l\u00e1cteos que obtiene la leche directamente de su propia ganader\u00eda en San Pedro, Albacete.<\/p><p>Gracias a ello, aseguramos la pureza y frescura de cada lote, sin intermediarios ni procesos industriales que alteren su calidad. Cada producto refleja nuestro compromiso con la excelencia y el respeto por la tradici\u00f3n.<\/p>\t\t\t\t\t\t\t\t<\/div>\n\t\t\t\t<\/div>\n\t\t\t\t<\/div>\n\t\t<div class=\"elementor-element elementor-element-bcb047f e-con-full e-flex e-con e-parent\" data-id=\"bcb047f\" data-element_type=\"container\" data-e-type=\"container\" data-settings=\"{&quot;background_background&quot;:&quot;classic&quot;}\">\n\t\t<div class=\"elementor-element elementor-element-1cf0543 e-con-full e-flex e-con e-child\" data-id=\"1cf0543\" data-element_type=\"container\" data-e-type=\"container\">\n\t\t\t\t<div class=\"elementor-element elementor-element-8f73521 elementor-widget elementor-widget-image\" data-id=\"8f73521\" data-element_type=\"widget\" data-e-type=\"widget\" data-widget_type=\"image.default\">\n\t\t\t\t\t\t\t\t\t\t\t\t\t\t\t<img decoding=\"async\" width=\"1380\" height=\"920\" src=\"https:\/\/granjateresaines.com\/wp-content\/uploads\/2026\/03\/47399122c6f433559e3e5dba53b2c4aabae08f82-1.png\" class=\"attachment-full size-full wp-image-63\" alt=\"47399122c6f433559e3e5dba53b2c4aabae08f82 (1)\" srcset=\"https:\/\/granjateresaines.com\/wp-content\/uploads\/2026\/03\/47399122c6f433559e3e5dba53b2c4aabae08f82-1.png 1380w, https:\/\/granjateresaines.com\/wp-content\/uploads\/2026\/03\/47399122c6f433559e3e5dba53b2c4aabae08f82-1-300x200.png 300w, https:\/\/granjateresaines.com\/wp-content\/uploads\/2026\/03\/47399122c6f433559e3e5dba53b2c4aabae08f82-1-1024x683.png 1024w, https:\/\/granjateresaines.com\/wp-content\/uploads\/2026\/03\/47399122c6f433559e3e5dba53b2c4aabae08f82-1-768x512.png 768w, https:\/\/granjateresaines.com\/wp-content\/uploads\/2026\/03\/47399122c6f433559e3e5dba53b2c4aabae08f82-1-600x400.png 600w\" sizes=\"(max-width: 1380px) 100vw, 1380px\" \/>\t\t\t\t\t\t\t\t\t\t\t\t\t\t\t<\/div>\n\t\t\t\t<\/div>\n\t\t<div class=\"elementor-element elementor-element-c627af1 e-con-full e-flex e-con e-child\" data-id=\"c627af1\" data-element_type=\"container\" data-e-type=\"container\">\n\t\t\t\t<div class=\"elementor-element elementor-element-3b6eede elementor-widget__width-initial elementor-widget elementor-widget-heading\" data-id=\"3b6eede\" data-element_type=\"widget\" data-e-type=\"widget\" data-widget_type=\"heading.default\">\n\t\t\t\t\t<h2 class=\"elementor-heading-title elementor-size-default\">Compromiso con la sostenibilidad<\/h2>\t\t\t\t<\/div>\n\t\t\t\t<div class=\"elementor-element elementor-element-5f2be55 elementor-widget elementor-widget-text-editor\" data-id=\"5f2be55\" data-element_type=\"widget\" data-e-type=\"widget\" data-widget_type=\"text-editor.default\">\n\t\t\t\t\t\t\t\t\t<p>Trabajamos con un enfoque responsable, cuidando el bienestar animal y el entorno en el que operamos. La alimentaci\u00f3n de nuestro ganado se basa en ingredientes naturales como ma\u00edz, cebada y alfalfa fresca, asegurando un producto final saludable y equilibrado. Adem\u00e1s, promovemos el reciclaje y reducimos el impacto ambiental en cada proceso.<\/p>\t\t\t\t\t\t\t\t<\/div>\n\t\t\t\t<\/div>\n\t\t\t\t<\/div>\n\t\t<div class=\"elementor-element elementor-element-3a5cb64 e-con-full e-flex e-con e-parent\" data-id=\"3a5cb64\" data-element_type=\"container\" data-e-type=\"container\">\n\t\t<div class=\"elementor-element elementor-element-85da748 e-con-full e-flex e-con e-child\" data-id=\"85da748\" data-element_type=\"container\" data-e-type=\"container\">\n\t\t\t\t<div class=\"elementor-element elementor-element-d1631ce elementor-widget elementor-widget-image\" data-id=\"d1631ce\" data-element_type=\"widget\" data-e-type=\"widget\" data-widget_type=\"image.default\">\n\t\t\t\t\t\t\t\t\t\t\t\t\t\t\t<img loading=\"lazy\" decoding=\"async\" width=\"626\" height=\"417\" src=\"https:\/\/granjateresaines.com\/wp-content\/uploads\/2026\/03\/fb8ad4a8c80ebbd2120d1756f70f590031ba753c.png\" class=\"attachment-full size-full wp-image-64\" alt=\"fb8ad4a8c80ebbd2120d1756f70f590031ba753c\" srcset=\"https:\/\/granjateresaines.com\/wp-content\/uploads\/2026\/03\/fb8ad4a8c80ebbd2120d1756f70f590031ba753c.png 626w, https:\/\/granjateresaines.com\/wp-content\/uploads\/2026\/03\/fb8ad4a8c80ebbd2120d1756f70f590031ba753c-300x200.png 300w, https:\/\/granjateresaines.com\/wp-content\/uploads\/2026\/03\/fb8ad4a8c80ebbd2120d1756f70f590031ba753c-600x400.png 600w\" sizes=\"(max-width: 626px) 100vw, 626px\" \/>\t\t\t\t\t\t\t\t\t\t\t\t\t\t\t<\/div>\n\t\t\t\t<\/div>\n\t\t<div class=\"elementor-element elementor-element-3b6921d e-con-full e-flex e-con e-child\" data-id=\"3b6921d\" data-element_type=\"container\" data-e-type=\"container\">\n\t\t\t\t<div class=\"elementor-element elementor-element-1dbd3ba elementor-widget__width-initial elementor-widget elementor-widget-heading\" data-id=\"1dbd3ba\" data-element_type=\"widget\" data-e-type=\"widget\" data-widget_type=\"heading.default\">\n\t\t\t\t\t<h2 class=\"elementor-heading-title elementor-size-default\">Elaboraci\u00f3n artesanal con garant\u00eda de calidad<\/h2>\t\t\t\t<\/div>\n\t\t\t\t<div class=\"elementor-element elementor-element-31e9eee elementor-widget elementor-widget-text-editor\" data-id=\"31e9eee\" data-element_type=\"widget\" data-e-type=\"widget\" data-widget_type=\"text-editor.default\">\n\t\t\t\t\t\t\t\t\t<p>Desde la recolecci\u00f3n de la leche hasta la creaci\u00f3n de quesos y yogures, seguimos m\u00e9todos tradicionales para mantener intactas sus propiedades. <br \/><br \/>Cada lote es sometido a controles diarios que aseguran su frescura, sabor y beneficios nutricionales. Nuestro objetivo es ofrecer productos naturales que respeten la esencia de la leche de cabra.<\/p>\t\t\t\t\t\t\t\t<\/div>\n\t\t\t\t<\/div>\n\t\t\t\t<\/div>\n\t\t<div class=\"elementor-element elementor-element-cd6217d e-con-full e-flex e-con e-parent\" data-id=\"cd6217d\" data-element_type=\"container\" data-e-type=\"container\" data-settings=\"{&quot;background_background&quot;:&quot;classic&quot;}\">\n\t\t\t\t<div class=\"elementor-element elementor-element-396f7a5 elementor-widget__width-initial elementor-widget elementor-widget-image\" data-id=\"396f7a5\" data-element_type=\"widget\" data-e-type=\"widget\" data-widget_type=\"image.default\">\n\t\t\t\t\t\t\t\t\t\t\t\t\t\t\t<img loading=\"lazy\" decoding=\"async\" width=\"417\" height=\"626\" src=\"https:\/\/granjateresaines.com\/wp-content\/uploads\/2026\/03\/dc976e9ce944e627c953f2b4c0a96f2c9b031da7.png\" class=\"attachment-large size-large wp-image-67\" alt=\"dc976e9ce944e627c953f2b4c0a96f2c9b031da7\" srcset=\"https:\/\/granjateresaines.com\/wp-content\/uploads\/2026\/03\/dc976e9ce944e627c953f2b4c0a96f2c9b031da7.png 417w, https:\/\/granjateresaines.com\/wp-content\/uploads\/2026\/03\/dc976e9ce944e627c953f2b4c0a96f2c9b031da7-200x300.png 200w\" sizes=\"(max-width: 417px) 100vw, 417px\" \/>\t\t\t\t\t\t\t\t\t\t\t\t\t\t\t<\/div>\n\t\t\t\t<div class=\"elementor-element elementor-element-981d068 elementor-widget__width-initial elementor-widget elementor-widget-image\" data-id=\"981d068\" data-element_type=\"widget\" data-e-type=\"widget\" data-widget_type=\"image.default\">\n\t\t\t\t\t\t\t\t\t\t\t\t\t\t\t<img loading=\"lazy\" decoding=\"async\" width=\"626\" height=\"417\" src=\"https:\/\/granjateresaines.com\/wp-content\/uploads\/2026\/03\/ec7685b7a82840afeb0645c3bcde51ab865de2a7.png\" class=\"attachment-large size-large wp-image-66\" alt=\"ec7685b7a82840afeb0645c3bcde51ab865de2a7\" srcset=\"https:\/\/granjateresaines.com\/wp-content\/uploads\/2026\/03\/ec7685b7a82840afeb0645c3bcde51ab865de2a7.png 626w, https:\/\/granjateresaines.com\/wp-content\/uploads\/2026\/03\/ec7685b7a82840afeb0645c3bcde51ab865de2a7-300x200.png 300w, https:\/\/granjateresaines.com\/wp-content\/uploads\/2026\/03\/ec7685b7a82840afeb0645c3bcde51ab865de2a7-600x400.png 600w\" sizes=\"(max-width: 626px) 100vw, 626px\" \/>\t\t\t\t\t\t\t\t\t\t\t\t\t\t\t<\/div>\n\t\t\t\t<div class=\"elementor-element elementor-element-ca56e70 elementor-widget__width-initial elementor-widget elementor-widget-image\" data-id=\"ca56e70\" data-element_type=\"widget\" data-e-type=\"widget\" data-widget_type=\"image.default\">\n\t\t\t\t\t\t\t\t\t\t\t\t\t\t\t<img loading=\"lazy\" decoding=\"async\" width=\"626\" height=\"417\" src=\"https:\/\/granjateresaines.com\/wp-content\/uploads\/2026\/03\/0db50ee9e3e715806dd08beb9873c3758c95380f.png\" class=\"attachment-large size-large wp-image-65\" alt=\"0db50ee9e3e715806dd08beb9873c3758c95380f\" srcset=\"https:\/\/granjateresaines.com\/wp-content\/uploads\/2026\/03\/0db50ee9e3e715806dd08beb9873c3758c95380f.png 626w, https:\/\/granjateresaines.com\/wp-content\/uploads\/2026\/03\/0db50ee9e3e715806dd08beb9873c3758c95380f-300x200.png 300w, https:\/\/granjateresaines.com\/wp-content\/uploads\/2026\/03\/0db50ee9e3e715806dd08beb9873c3758c95380f-600x400.png 600w\" sizes=\"(max-width: 626px) 100vw, 626px\" \/>\t\t\t\t\t\t\t\t\t\t\t\t\t\t\t<\/div>\n\t\t\t\t<\/div>\n\t\t\t\t<\/div>\n\t\t","protected":false},"excerpt":{"rendered":"<p>Tradici\u00f3n y calidad en cada producto En el coraz\u00f3n de la Sierra de Alcaraz, combinamos tradici\u00f3n y excelencia para elaborar productos l\u00e1cteos de la m\u00e1s alta calidad. Nuestra granja se basa en el respeto por los procesos naturales, garantizando un control total sobre cada etapa de producci\u00f3n. Nuestra granja, calidad desde el origen Somos una [&hellip;]<\/p>\n","protected":false},"author":1,"featured_media":0,"parent":0,"menu_order":0,"comment_status":"closed","ping_status":"closed","template":"elementor_theme","meta":{"footnotes":""},"class_list":["post-56","page","type-page","status-publish","hentry"],"_links":{"self":[{"href":"https:\/\/granjateresaines.com\/index.php\/wp-json\/wp\/v2\/pages\/56","targetHints":{"allow":["GET"]}}],"collection":[{"href":"https:\/\/granjateresaines.com\/index.php\/wp-json\/wp\/v2\/pages"}],"about":[{"href":"https:\/\/granjateresaines.com\/index.php\/wp-json\/wp\/v2\/types\/page"}],"author":[{"embeddable":true,"href":"https:\/\/granjateresaines.com\/index.php\/wp-json\/wp\/v2\/users\/1"}],"replies":[{"embeddable":true,"href":"https:\/\/granjateresaines.com\/index.php\/wp-json\/wp\/v2\/comments?post=56"}],"version-history":[{"count":13,"href":"https:\/\/granjateresaines.com\/index.php\/wp-json\/wp\/v2\/pages\/56\/revisions"}],"predecessor-version":[{"id":205,"href":"https:\/\/granjateresaines.com\/index.php\/wp-json\/wp\/v2\/pages\/56\/revisions\/205"}],"wp:attachment":[{"href":"https:\/\/granjateresaines.com\/index.php\/wp-json\/wp\/v2\/media?parent=56"}],"curies":[{"name":"wp","href":"https:\/\/api.w.org\/{rel}","templated":true}]}}